{"id":5341,"date":"2022-10-10T16:56:22","date_gmt":"2022-10-10T21:56:22","guid":{"rendered":"https:\/\/hotelvmpalenque.com\/blog\/"},"modified":"2024-02-19T09:37:46","modified_gmt":"2024-02-19T14:37:46","slug":"blog","status":"publish","type":"page","link":"https:\/\/hotelvmpalenque.com\/es\/blog\/","title":{"rendered":"Blog"},"content":{"rendered":"\t\t<div data-elementor-type=\"wp-page\" data-elementor-id=\"5341\" class=\"elementor elementor-5341\" data-elementor-post-type=\"page\">\n\t\t\t\t\t\t<section class=\"elementor-section elementor-top-section elementor-element elementor-element-d44930f elementor-section-full_width elementor-section-height-default elementor-section-height-default\" data-id=\"d44930f\" data-element_type=\"section\" data-e-type=\"section\" data-settings=\"{&quot;background_background&quot;:&quot;classic&quot;}\">\n\t\t\t\t\t\t\t<div class=\"elementor-background-overlay\"><\/div>\n\t\t\t\t\t\t\t<div class=\"elementor-container elementor-column-gap-default\">\n\t\t\t\t\t<div class=\"elementor-column elementor-col-100 elementor-top-column elementor-element elementor-element-07ac51d\" data-id=\"07ac51d\" data-element_type=\"column\" data-e-type=\"column\">\n\t\t\t<div class=\"elementor-widget-wrap elementor-element-populated\">\n\t\t\t\t\t\t<div class=\"elementor-element elementor-element-6a1f93a elementor-widget elementor-widget-heading\" data-id=\"6a1f93a\" data-element_type=\"widget\" data-e-type=\"widget\" data-widget_type=\"heading.default\">\n\t\t\t\t<div class=\"elementor-widget-container\">\n\t\t\t\t\t<h2 class=\"elementor-heading-title elementor-size-default\">Blog<\/h2>\t\t\t\t<\/div>\n\t\t\t\t<\/div>\n\t\t\t\t\t<\/div>\n\t\t<\/div>\n\t\t\t\t\t<\/div>\n\t\t<\/section>\n\t\t\t\t<section class=\"elementor-section elementor-top-section elementor-element elementor-element-16fffa1 elementor-section-boxed elementor-section-height-default elementor-section-height-default\" data-id=\"16fffa1\" data-element_type=\"section\" data-e-type=\"section\">\n\t\t\t\t\t\t<div class=\"elementor-container elementor-column-gap-default\">\n\t\t\t\t\t<div class=\"elementor-column elementor-col-100 elementor-top-column elementor-element elementor-element-e42f4bd\" data-id=\"e42f4bd\" data-element_type=\"column\" data-e-type=\"column\">\n\t\t\t<div class=\"elementor-widget-wrap elementor-element-populated\">\n\t\t\t\t\t\t<div class=\"elementor-element elementor-element-70b37dd elementor-grid-3 elementor-grid-tablet-2 elementor-grid-mobile-1 elementor-posts--thumbnail-top elementor-widget elementor-widget-posts\" data-id=\"70b37dd\" data-element_type=\"widget\" data-e-type=\"widget\" data-settings=\"{&quot;pagination_type&quot;:&quot;load_more_infinite_scroll&quot;,&quot;classic_columns&quot;:&quot;3&quot;,&quot;classic_columns_tablet&quot;:&quot;2&quot;,&quot;classic_columns_mobile&quot;:&quot;1&quot;,&quot;classic_row_gap&quot;:{&quot;unit&quot;:&quot;px&quot;,&quot;size&quot;:35,&quot;sizes&quot;:[]},&quot;classic_row_gap_tablet&quot;:{&quot;unit&quot;:&quot;px&quot;,&quot;size&quot;:&quot;&quot;,&quot;sizes&quot;:[]},&quot;classic_row_gap_mobile&quot;:{&quot;unit&quot;:&quot;px&quot;,&quot;size&quot;:&quot;&quot;,&quot;sizes&quot;:[]},&quot;load_more_spinner&quot;:{&quot;value&quot;:&quot;fas fa-spinner&quot;,&quot;library&quot;:&quot;fa-solid&quot;}}\" data-widget_type=\"posts.classic\">\n\t\t\t\t<div class=\"elementor-widget-container\">\n\t\t\t\t\t\t\t<div class=\"elementor-posts-container elementor-posts elementor-posts--skin-classic elementor-grid\" role=\"list\">\n\t\t\t\t<article class=\"elementor-post elementor-grid-item post-8425 post type-post status-publish format-standard has-post-thumbnail hentry category-to-do-in-palenque\" role=\"listitem\">\n\t\t\t\t<a class=\"elementor-post__thumbnail__link\" href=\"https:\/\/hotelvmpalenque.com\/es\/como-elegir-un-hotel-en-palenque-segun-tu-tipo-de-viaje-aventura-relax-o-cultura\/\" tabindex=\"-1\" >\n\t\t\t<div class=\"elementor-post__thumbnail\"><img fetchpriority=\"high\" decoding=\"async\" width=\"2560\" height=\"1397\" src=\"https:\/\/hotelvmpalenque.com\/wp-content\/uploads\/2026\/04\/vacation-concept-woman-hand-holding-black-smartphone-relax-hotel-resort-enjoying-luxury-lifestyle-outdoor-scaled.webp\" class=\"attachment-full size-full wp-image-8420\" alt=\"\" srcset=\"https:\/\/hotelvmpalenque.com\/wp-content\/uploads\/2026\/04\/vacation-concept-woman-hand-holding-black-smartphone-relax-hotel-resort-enjoying-luxury-lifestyle-outdoor-scaled.webp 2560w, https:\/\/hotelvmpalenque.com\/wp-content\/uploads\/2026\/04\/vacation-concept-woman-hand-holding-black-smartphone-relax-hotel-resort-enjoying-luxury-lifestyle-outdoor-300x164.webp 300w, https:\/\/hotelvmpalenque.com\/wp-content\/uploads\/2026\/04\/vacation-concept-woman-hand-holding-black-smartphone-relax-hotel-resort-enjoying-luxury-lifestyle-outdoor-1024x559.webp 1024w, https:\/\/hotelvmpalenque.com\/wp-content\/uploads\/2026\/04\/vacation-concept-woman-hand-holding-black-smartphone-relax-hotel-resort-enjoying-luxury-lifestyle-outdoor-768x419.webp 768w, https:\/\/hotelvmpalenque.com\/wp-content\/uploads\/2026\/04\/vacation-concept-woman-hand-holding-black-smartphone-relax-hotel-resort-enjoying-luxury-lifestyle-outdoor-1536x838.webp 1536w, https:\/\/hotelvmpalenque.com\/wp-content\/uploads\/2026\/04\/vacation-concept-woman-hand-holding-black-smartphone-relax-hotel-resort-enjoying-luxury-lifestyle-outdoor-2048x1117.webp 2048w, https:\/\/hotelvmpalenque.com\/wp-content\/uploads\/2026\/04\/vacation-concept-woman-hand-holding-black-smartphone-relax-hotel-resort-enjoying-luxury-lifestyle-outdoor-440x240.webp 440w\" sizes=\"(max-width: 2560px) 100vw, 2560px\" \/><\/div>\n\t\t<\/a>\n\t\t\t\t<div class=\"elementor-post__text\">\n\t\t\t\t<h3 class=\"elementor-post__title\">\n\t\t\t<a href=\"https:\/\/hotelvmpalenque.com\/es\/como-elegir-un-hotel-en-palenque-segun-tu-tipo-de-viaje-aventura-relax-o-cultura\/\" >\n\t\t\t\tC\u00f3mo Elegir un Hotel en Palenque Seg\u00fan tu Tipo de Viaje: Aventura, Relax o Cultura\t\t\t<\/a>\n\t\t<\/h3>\n\t\t\t\t<div class=\"elementor-post__meta-data\">\n\t\t\t\t\t<span class=\"elementor-post-date\">\n\t\t\t30 de abril de 2026\t\t<\/span>\n\t\t\t\t<\/div>\n\t\t\t\t<\/div>\n\t\t\t\t<\/article>\n\t\t\t\t<article class=\"elementor-post elementor-grid-item post-8417 post type-post status-publish format-standard has-post-thumbnail hentry category-to-do-in-palenque\" role=\"listitem\">\n\t\t\t\t<a class=\"elementor-post__thumbnail__link\" href=\"https:\/\/hotelvmpalenque.com\/es\/hoteles-en-palenque-con-experiencias-naturales-hospedate-rodeado-de-selva\/\" tabindex=\"-1\" >\n\t\t\t<div class=\"elementor-post__thumbnail\"><img decoding=\"async\" width=\"2560\" height=\"1707\" src=\"https:\/\/hotelvmpalenque.com\/wp-content\/uploads\/2026\/04\/man-sitting-relaxed-edge-river-where-water-is-calm-is-kedung-pedut-tourist-spot-1-scaled.webp\" class=\"attachment-full size-full wp-image-8413\" alt=\"\" srcset=\"https:\/\/hotelvmpalenque.com\/wp-content\/uploads\/2026\/04\/man-sitting-relaxed-edge-river-where-water-is-calm-is-kedung-pedut-tourist-spot-1-scaled.webp 2560w, https:\/\/hotelvmpalenque.com\/wp-content\/uploads\/2026\/04\/man-sitting-relaxed-edge-river-where-water-is-calm-is-kedung-pedut-tourist-spot-1-300x200.webp 300w, https:\/\/hotelvmpalenque.com\/wp-content\/uploads\/2026\/04\/man-sitting-relaxed-edge-river-where-water-is-calm-is-kedung-pedut-tourist-spot-1-1024x683.webp 1024w, https:\/\/hotelvmpalenque.com\/wp-content\/uploads\/2026\/04\/man-sitting-relaxed-edge-river-where-water-is-calm-is-kedung-pedut-tourist-spot-1-768x512.webp 768w, https:\/\/hotelvmpalenque.com\/wp-content\/uploads\/2026\/04\/man-sitting-relaxed-edge-river-where-water-is-calm-is-kedung-pedut-tourist-spot-1-1536x1024.webp 1536w, https:\/\/hotelvmpalenque.com\/wp-content\/uploads\/2026\/04\/man-sitting-relaxed-edge-river-where-water-is-calm-is-kedung-pedut-tourist-spot-1-2048x1365.webp 2048w, https:\/\/hotelvmpalenque.com\/wp-content\/uploads\/2026\/04\/man-sitting-relaxed-edge-river-where-water-is-calm-is-kedung-pedut-tourist-spot-1-700x466.webp 700w, https:\/\/hotelvmpalenque.com\/wp-content\/uploads\/2026\/04\/man-sitting-relaxed-edge-river-where-water-is-calm-is-kedung-pedut-tourist-spot-1-440x293.webp 440w\" sizes=\"(max-width: 2560px) 100vw, 2560px\" \/><\/div>\n\t\t<\/a>\n\t\t\t\t<div class=\"elementor-post__text\">\n\t\t\t\t<h3 class=\"elementor-post__title\">\n\t\t\t<a href=\"https:\/\/hotelvmpalenque.com\/es\/hoteles-en-palenque-con-experiencias-naturales-hospedate-rodeado-de-selva\/\" >\n\t\t\t\tHoteles en Palenque con Experiencias Naturales: Hosp\u00e9date Rodeado de Selva\t\t\t<\/a>\n\t\t<\/h3>\n\t\t\t\t<div class=\"elementor-post__meta-data\">\n\t\t\t\t\t<span class=\"elementor-post-date\">\n\t\t\t15 de abril de 2026\t\t<\/span>\n\t\t\t\t<\/div>\n\t\t\t\t<\/div>\n\t\t\t\t<\/article>\n\t\t\t\t<article class=\"elementor-post elementor-grid-item post-8406 post type-post status-publish format-standard has-post-thumbnail hentry category-to-do-in-palenque\" role=\"listitem\">\n\t\t\t\t<a class=\"elementor-post__thumbnail__link\" href=\"https:\/\/hotelvmpalenque.com\/es\/consejos-para-reservar-un-hotel-en-palenque-y-aprovechar-tu-estancia-al-maximo\/\" tabindex=\"-1\" >\n\t\t\t<div class=\"elementor-post__thumbnail\"><img decoding=\"async\" width=\"2560\" height=\"1708\" src=\"https:\/\/hotelvmpalenque.com\/wp-content\/uploads\/2026\/03\/happy-asian-woman-red-swimsuit-straw-hat-relax-swim-pool-look-view-phangnga-thailand-scaled.webp\" class=\"attachment-full size-full wp-image-8401\" alt=\"\" srcset=\"https:\/\/hotelvmpalenque.com\/wp-content\/uploads\/2026\/03\/happy-asian-woman-red-swimsuit-straw-hat-relax-swim-pool-look-view-phangnga-thailand-scaled.webp 2560w, https:\/\/hotelvmpalenque.com\/wp-content\/uploads\/2026\/03\/happy-asian-woman-red-swimsuit-straw-hat-relax-swim-pool-look-view-phangnga-thailand-300x200.webp 300w, https:\/\/hotelvmpalenque.com\/wp-content\/uploads\/2026\/03\/happy-asian-woman-red-swimsuit-straw-hat-relax-swim-pool-look-view-phangnga-thailand-1024x683.webp 1024w, https:\/\/hotelvmpalenque.com\/wp-content\/uploads\/2026\/03\/happy-asian-woman-red-swimsuit-straw-hat-relax-swim-pool-look-view-phangnga-thailand-768x512.webp 768w, https:\/\/hotelvmpalenque.com\/wp-content\/uploads\/2026\/03\/happy-asian-woman-red-swimsuit-straw-hat-relax-swim-pool-look-view-phangnga-thailand-1536x1025.webp 1536w, https:\/\/hotelvmpalenque.com\/wp-content\/uploads\/2026\/03\/happy-asian-woman-red-swimsuit-straw-hat-relax-swim-pool-look-view-phangnga-thailand-2048x1366.webp 2048w, https:\/\/hotelvmpalenque.com\/wp-content\/uploads\/2026\/03\/happy-asian-woman-red-swimsuit-straw-hat-relax-swim-pool-look-view-phangnga-thailand-700x466.webp 700w, https:\/\/hotelvmpalenque.com\/wp-content\/uploads\/2026\/03\/happy-asian-woman-red-swimsuit-straw-hat-relax-swim-pool-look-view-phangnga-thailand-440x293.webp 440w\" sizes=\"(max-width: 2560px) 100vw, 2560px\" \/><\/div>\n\t\t<\/a>\n\t\t\t\t<div class=\"elementor-post__text\">\n\t\t\t\t<h3 class=\"elementor-post__title\">\n\t\t\t<a href=\"https:\/\/hotelvmpalenque.com\/es\/consejos-para-reservar-un-hotel-en-palenque-y-aprovechar-tu-estancia-al-maximo\/\" >\n\t\t\t\tConsejos para Reservar un Hotel en Palenque y Aprovechar tu Estancia al M\u00e1ximo\t\t\t<\/a>\n\t\t<\/h3>\n\t\t\t\t<div class=\"elementor-post__meta-data\">\n\t\t\t\t\t<span class=\"elementor-post-date\">\n\t\t\t30 de marzo de 2026\t\t<\/span>\n\t\t\t\t<\/div>\n\t\t\t\t<\/div>\n\t\t\t\t<\/article>\n\t\t\t\t<article class=\"elementor-post elementor-grid-item post-8397 post type-post status-publish format-standard has-post-thumbnail hentry category-to-do-in-palenque\" role=\"listitem\">\n\t\t\t\t<a class=\"elementor-post__thumbnail__link\" href=\"https:\/\/hotelvmpalenque.com\/es\/hoteles-en-palenque-con-estilo-ecologico-vive-una-experiencia-sustentable\/\" tabindex=\"-1\" >\n\t\t\t<div class=\"elementor-post__thumbnail\"><img loading=\"lazy\" decoding=\"async\" width=\"2560\" height=\"1706\" src=\"https:\/\/hotelvmpalenque.com\/wp-content\/uploads\/2026\/03\/female-tourist-is-sitting-large-bird-nest-tree-bali-island-scaled.webp\" class=\"attachment-full size-full wp-image-8392\" alt=\"\" srcset=\"https:\/\/hotelvmpalenque.com\/wp-content\/uploads\/2026\/03\/female-tourist-is-sitting-large-bird-nest-tree-bali-island-scaled.webp 2560w, https:\/\/hotelvmpalenque.com\/wp-content\/uploads\/2026\/03\/female-tourist-is-sitting-large-bird-nest-tree-bali-island-300x200.webp 300w, https:\/\/hotelvmpalenque.com\/wp-content\/uploads\/2026\/03\/female-tourist-is-sitting-large-bird-nest-tree-bali-island-1024x683.webp 1024w, https:\/\/hotelvmpalenque.com\/wp-content\/uploads\/2026\/03\/female-tourist-is-sitting-large-bird-nest-tree-bali-island-768x512.webp 768w, https:\/\/hotelvmpalenque.com\/wp-content\/uploads\/2026\/03\/female-tourist-is-sitting-large-bird-nest-tree-bali-island-1536x1024.webp 1536w, https:\/\/hotelvmpalenque.com\/wp-content\/uploads\/2026\/03\/female-tourist-is-sitting-large-bird-nest-tree-bali-island-2048x1365.webp 2048w, https:\/\/hotelvmpalenque.com\/wp-content\/uploads\/2026\/03\/female-tourist-is-sitting-large-bird-nest-tree-bali-island-700x466.webp 700w, https:\/\/hotelvmpalenque.com\/wp-content\/uploads\/2026\/03\/female-tourist-is-sitting-large-bird-nest-tree-bali-island-440x293.webp 440w\" sizes=\"(max-width: 2560px) 100vw, 2560px\" \/><\/div>\n\t\t<\/a>\n\t\t\t\t<div class=\"elementor-post__text\">\n\t\t\t\t<h3 class=\"elementor-post__title\">\n\t\t\t<a href=\"https:\/\/hotelvmpalenque.com\/es\/hoteles-en-palenque-con-estilo-ecologico-vive-una-experiencia-sustentable\/\" >\n\t\t\t\tHoteles en Palenque con Estilo Ecol\u00f3gico: Vive una Experiencia Sustentable\t\t\t<\/a>\n\t\t<\/h3>\n\t\t\t\t<div class=\"elementor-post__meta-data\">\n\t\t\t\t\t<span class=\"elementor-post-date\">\n\t\t\t15 de marzo de 2026\t\t<\/span>\n\t\t\t\t<\/div>\n\t\t\t\t<\/div>\n\t\t\t\t<\/article>\n\t\t\t\t<article class=\"elementor-post elementor-grid-item post-8333 post type-post status-publish format-standard has-post-thumbnail hentry category-to-do-in-palenque\" role=\"listitem\">\n\t\t\t\t<a class=\"elementor-post__thumbnail__link\" href=\"https:\/\/hotelvmpalenque.com\/es\/gastronomia-de-palenque-platillos-tipicos-que-debes-probar\/\" tabindex=\"-1\" >\n\t\t\t<div class=\"elementor-post__thumbnail\"><img loading=\"lazy\" decoding=\"async\" width=\"2560\" height=\"1707\" src=\"https:\/\/hotelvmpalenque.com\/wp-content\/uploads\/2026\/03\/person-eating-bowl-soup-with-spoon-scaled.webp\" class=\"attachment-full size-full wp-image-8330\" alt=\"\" srcset=\"https:\/\/hotelvmpalenque.com\/wp-content\/uploads\/2026\/03\/person-eating-bowl-soup-with-spoon-scaled.webp 2560w, https:\/\/hotelvmpalenque.com\/wp-content\/uploads\/2026\/03\/person-eating-bowl-soup-with-spoon-300x200.webp 300w, https:\/\/hotelvmpalenque.com\/wp-content\/uploads\/2026\/03\/person-eating-bowl-soup-with-spoon-1024x683.webp 1024w, https:\/\/hotelvmpalenque.com\/wp-content\/uploads\/2026\/03\/person-eating-bowl-soup-with-spoon-768x512.webp 768w, https:\/\/hotelvmpalenque.com\/wp-content\/uploads\/2026\/03\/person-eating-bowl-soup-with-spoon-1536x1024.webp 1536w, https:\/\/hotelvmpalenque.com\/wp-content\/uploads\/2026\/03\/person-eating-bowl-soup-with-spoon-2048x1365.webp 2048w, https:\/\/hotelvmpalenque.com\/wp-content\/uploads\/2026\/03\/person-eating-bowl-soup-with-spoon-700x466.webp 700w, https:\/\/hotelvmpalenque.com\/wp-content\/uploads\/2026\/03\/person-eating-bowl-soup-with-spoon-440x293.webp 440w\" sizes=\"(max-width: 2560px) 100vw, 2560px\" \/><\/div>\n\t\t<\/a>\n\t\t\t\t<div class=\"elementor-post__text\">\n\t\t\t\t<h3 class=\"elementor-post__title\">\n\t\t\t<a href=\"https:\/\/hotelvmpalenque.com\/es\/gastronomia-de-palenque-platillos-tipicos-que-debes-probar\/\" >\n\t\t\t\tGastronom\u00eda de Palenque: Platillos T\u00edpicos que Debes Probar\t\t\t<\/a>\n\t\t<\/h3>\n\t\t\t\t<div class=\"elementor-post__meta-data\">\n\t\t\t\t\t<span class=\"elementor-post-date\">\n\t\t\t28 de febrero de 2026\t\t<\/span>\n\t\t\t\t<\/div>\n\t\t\t\t<\/div>\n\t\t\t\t<\/article>\n\t\t\t\t<article class=\"elementor-post elementor-grid-item post-8325 post type-post status-publish format-standard has-post-thumbnail hentry category-to-do-in-palenque\" role=\"listitem\">\n\t\t\t\t<a class=\"elementor-post__thumbnail__link\" href=\"https:\/\/hotelvmpalenque.com\/es\/que-llevar-para-viajar-a-palenque-guia-practica-para-explorar-la-selva-y-las-ruinas\/\" tabindex=\"-1\" >\n\t\t\t<div class=\"elementor-post__thumbnail\"><img loading=\"lazy\" decoding=\"async\" width=\"2560\" height=\"1707\" src=\"https:\/\/hotelvmpalenque.com\/wp-content\/uploads\/2026\/03\/hiker-woman-with-backpack-looking-ancient-mayan-ruins-scaled.webp\" class=\"attachment-full size-full wp-image-8320\" alt=\"\" srcset=\"https:\/\/hotelvmpalenque.com\/wp-content\/uploads\/2026\/03\/hiker-woman-with-backpack-looking-ancient-mayan-ruins-scaled.webp 2560w, https:\/\/hotelvmpalenque.com\/wp-content\/uploads\/2026\/03\/hiker-woman-with-backpack-looking-ancient-mayan-ruins-300x200.webp 300w, https:\/\/hotelvmpalenque.com\/wp-content\/uploads\/2026\/03\/hiker-woman-with-backpack-looking-ancient-mayan-ruins-1024x683.webp 1024w, https:\/\/hotelvmpalenque.com\/wp-content\/uploads\/2026\/03\/hiker-woman-with-backpack-looking-ancient-mayan-ruins-768x512.webp 768w, https:\/\/hotelvmpalenque.com\/wp-content\/uploads\/2026\/03\/hiker-woman-with-backpack-looking-ancient-mayan-ruins-1536x1024.webp 1536w, https:\/\/hotelvmpalenque.com\/wp-content\/uploads\/2026\/03\/hiker-woman-with-backpack-looking-ancient-mayan-ruins-2048x1365.webp 2048w, https:\/\/hotelvmpalenque.com\/wp-content\/uploads\/2026\/03\/hiker-woman-with-backpack-looking-ancient-mayan-ruins-700x466.webp 700w, https:\/\/hotelvmpalenque.com\/wp-content\/uploads\/2026\/03\/hiker-woman-with-backpack-looking-ancient-mayan-ruins-440x293.webp 440w\" sizes=\"(max-width: 2560px) 100vw, 2560px\" \/><\/div>\n\t\t<\/a>\n\t\t\t\t<div class=\"elementor-post__text\">\n\t\t\t\t<h3 class=\"elementor-post__title\">\n\t\t\t<a href=\"https:\/\/hotelvmpalenque.com\/es\/que-llevar-para-viajar-a-palenque-guia-practica-para-explorar-la-selva-y-las-ruinas\/\" >\n\t\t\t\tQu\u00e9 Llevar para Viajar a Palenque: Gu\u00eda Pr\u00e1ctica para Explorar la Selva y las Ruinas\t\t\t<\/a>\n\t\t<\/h3>\n\t\t\t\t<div class=\"elementor-post__meta-data\">\n\t\t\t\t\t<span class=\"elementor-post-date\">\n\t\t\t15 de febrero de 2026\t\t<\/span>\n\t\t\t\t<\/div>\n\t\t\t\t<\/div>\n\t\t\t\t<\/article>\n\t\t\t\t<\/div>\n\t\t\t\t\t<span class=\"e-load-more-spinner\">\n\t\t\t\t<i aria-hidden=\"true\" class=\"fas fa-spinner\"><\/i>\t\t\t<\/span>\n\t\t\n\t\t\t\t<div class=\"e-load-more-anchor\" data-page=\"1\" data-max-page=\"10\" data-next-page=\"https:\/\/hotelvmpalenque.com\/es\/wp-json\/wp\/v2\/pages\/5341\/page\/2\/\"><\/div>\n\t\t\t\t<div class=\"e-load-more-message\"><\/div>\n\t\t\t\t\t\t<\/div>\n\t\t\t\t<\/div>\n\t\t\t\t\t<\/div>\n\t\t<\/div>\n\t\t\t\t\t<\/div>\n\t\t<\/section>\n\t\t\t\t<\/div>\n\t\t","protected":false},"excerpt":{"rendered":"<p>Blog<\/p>\n","protected":false},"author":4,"featured_media":0,"parent":0,"menu_order":0,"comment_status":"closed","ping_status":"closed","template":"elementor_header_footer","meta":{"om_disable_all_campaigns":false,"_monsterinsights_skip_tracking":false,"_monsterinsights_sitenote_active":false,"_monsterinsights_sitenote_note":"","_monsterinsights_sitenote_category":0,"footnotes":""},"class_list":["post-5341","page","type-page","status-publish","hentry"],"aioseo_notices":[],"_links":{"self":[{"href":"https:\/\/hotelvmpalenque.com\/es\/wp-json\/wp\/v2\/pages\/5341","targetHints":{"allow":["GET"]}}],"collection":[{"href":"https:\/\/hotelvmpalenque.com\/es\/wp-json\/wp\/v2\/pages"}],"about":[{"href":"https:\/\/hotelvmpalenque.com\/es\/wp-json\/wp\/v2\/types\/page"}],"author":[{"embeddable":true,"href":"https:\/\/hotelvmpalenque.com\/es\/wp-json\/wp\/v2\/users\/4"}],"replies":[{"embeddable":true,"href":"https:\/\/hotelvmpalenque.com\/es\/wp-json\/wp\/v2\/comments?post=5341"}],"version-history":[{"count":0,"href":"https:\/\/hotelvmpalenque.com\/es\/wp-json\/wp\/v2\/pages\/5341\/revisions"}],"wp:attachment":[{"href":"https:\/\/hotelvmpalenque.com\/es\/wp-json\/wp\/v2\/media?parent=5341"}],"curies":[{"name":"wp","href":"https:\/\/api.w.org\/{rel}","templated":true}]}}